{"id":2022,"date":"2022-10-14T11:59:15","date_gmt":"2022-10-14T11:59:15","guid":{"rendered":"https:\/\/brittonsport.com\/?page_id=2022"},"modified":"2023-01-13T08:35:54","modified_gmt":"2023-01-13T08:35:54","slug":"about-us","status":"publish","type":"page","link":"https:\/\/brittonsport.com\/sl\/about-us\/","title":{"rendered":"ABOUT US"},"content":{"rendered":"<section class=\"section\" id=\"section_1384680026\">\n\t\t<div class=\"bg section-bg fill bg-fill  bg-loaded\" >\n\n\t\t\t\n\t\t\t\n\t\t\t\n\n\t\t<\/div>\n\n\t\t<div class=\"section-content relative\">\n\t\t\t\n\n\t<div id=\"gap-1521505058\" class=\"gap-element clearfix\" style=\"display:block; height:auto;\">\n\t\t\n<style>\n#gap-1521505058 {\n  padding-top: 30px;\n}\n<\/style>\n\t<\/div>\n\t\n\n<div class=\"row\"  id=\"row-394665916\">\n\n\n\t<div id=\"col-769149794\" class=\"col small-12 large-12\"  >\n\t\t\t\t<div class=\"col-inner\" style=\"background-color:rgb(255,255,255);\" >\n\t\t\t\n\t\t\t\n\n\n  <div class=\"banner has-hover\" id=\"banner-1433651211\">\n          <div class=\"banner-inner fill\">\n        <div class=\"banner-bg fill\" >\n            <div class=\"bg fill bg-fill\"><\/div>\n                                    \n                    <\/div>\n        <div class=\"banner-layers container\">\n            <div class=\"fill banner-link\"><\/div>            \n\n   <div id=\"text-box-592132495\" class=\"text-box banner-layer x50 md-x50 lg-x50 y50 md-y50 lg-y50 res-text\">\n                                <div class=\"text-box-content text dark\">\n              \n              <div class=\"text-inner text-center\">\n                  \n\n\n              <\/div>\n           <\/div>\n                            \n<style>\n#text-box-592132495 {\n  width: 60%;\n}\n#text-box-592132495 .text-box-content {\n  font-size: 100%;\n}\n<\/style>\n    <\/div>\n \n\n        <\/div>\n      <\/div>\n\n            \n<style>\n#banner-1433651211 {\n  padding-top: 250px;\n  background-color: rgba(255, 255, 255, 0);\n}\n#banner-1433651211 .bg.bg-loaded {\n  background-image: url(https:\/\/brittonsport.com\/wp-content\/uploads\/2021\/10\/charles-deluvio-rRWiVQzLm7k-unsplash-533x800.jpg);\n}\n#banner-1433651211 .bg {\n  background-position: 59% 47%;\n}\n@media (min-width:550px) {\n  #banner-1433651211 {\n    padding-top: 500px;\n  }\n}\n<\/style>\n  <\/div>\n\n\n<div class=\"row align-center\"  id=\"row-2145462084\">\n\n\n\t<div id=\"col-1399732062\" class=\"col medium-10 small-11 large-8\"  >\n\t\t\t\t<div class=\"col-inner text-center\"  >\n\t\t\t\n\t\t\t\n\n\t<div id=\"text-3101857674\" class=\"text\">\n\t\t\n\n<h2>About us<\/p>\n\t\t\n<style>\n#text-3101857674 {\n  font-size: 1.5rem;\n}\n<\/style>\n\t<\/div>\n\t\n<p>We\u2019re a growth company fueled by the growth mindset, expertise, and experience of our team.\u00a0<\/p>\n<p><b>We are <\/b><span style=\"font-size: 14.4px;\"><b>successful<\/b><\/span><b> company but our biggest <\/b><span style=\"font-size: 14.4px;\"><b>achievement<\/b><\/span><b>\u00a0is our great relationship with our partners!<\/b><\/p>\n<p>Commercial Court: Zagreb, Year of establishment: 2018,<\/p>\n<p>Share capital:\u00a0 2.654.46 \u20ac<br \/>Management: Roman Rogi\u0107 &#8211; director, Iva \u010covi\u0107 Rogi\u0107 &#8211; procurator<br \/>MBS: 081313396, OIB: 09906192063<br \/>IBAN: HR2424020061101009833 at Erste &amp; Steiermarkische bank d.d. River,<br \/>IBAN: HR2224840081135222963, Swift: RZBHHR2X code RAIFFEISENBANK d.d. Zagreb<\/p>\n\n\t\t<\/div>\n\t\t\t\t\n<style>\n#col-1399732062 > .col-inner {\n  padding: 5% 0px 5% 0px;\n}\n<\/style>\n\t<\/div>\n\n\t\n\n<\/div>\n\n\t\t<\/div>\n\t\t\t\t\t<\/div>\n\n\t\n\n<\/div>\n\n\t\t<\/div>\n\n\t\t\n<style>\n#section_1384680026 {\n  padding-top: 20px;\n  padding-bottom: 20px;\n  background-color: #273647;\n}\n@media (min-width:550px) {\n  #section_1384680026 {\n    padding-top: 40px;\n    padding-bottom: 40px;\n  }\n}\n@media (min-width:850px) {\n  #section_1384680026 {\n    padding-top: 70px;\n    padding-bottom: 70px;\n  }\n}\n<\/style>\n\t<\/section>","protected":false},"excerpt":{"rendered":"","protected":false},"author":1,"featured_media":0,"parent":0,"menu_order":0,"comment_status":"closed","ping_status":"closed","template":"","meta":{"footnotes":""},"class_list":["post-2022","page","type-page","status-publish","hentry"],"_links":{"self":[{"href":"https:\/\/brittonsport.com\/sl\/wp-json\/wp\/v2\/pages\/2022","targetHints":{"allow":["GET"]}}],"collection":[{"href":"https:\/\/brittonsport.com\/sl\/wp-json\/wp\/v2\/pages"}],"about":[{"href":"https:\/\/brittonsport.com\/sl\/wp-json\/wp\/v2\/types\/page"}],"author":[{"embeddable":true,"href":"https:\/\/brittonsport.com\/sl\/wp-json\/wp\/v2\/users\/1"}],"replies":[{"embeddable":true,"href":"https:\/\/brittonsport.com\/sl\/wp-json\/wp\/v2\/comments?post=2022"}],"version-history":[{"count":3,"href":"https:\/\/brittonsport.com\/sl\/wp-json\/wp\/v2\/pages\/2022\/revisions"}],"predecessor-version":[{"id":2049,"href":"https:\/\/brittonsport.com\/sl\/wp-json\/wp\/v2\/pages\/2022\/revisions\/2049"}],"wp:attachment":[{"href":"https:\/\/brittonsport.com\/sl\/wp-json\/wp\/v2\/media?parent=2022"}],"curies":[{"name":"wp","href":"https:\/\/api.w.org\/{rel}","templated":true}]}}